{"id":923,"date":"2025-08-18T09:11:17","date_gmt":"2025-08-18T09:11:17","guid":{"rendered":"https:\/\/13studio.cat\/?page_id=923"},"modified":"2025-11-13T15:43:54","modified_gmt":"2025-11-13T15:43:54","slug":"aviso-legal","status":"publish","type":"page","link":"https:\/\/13studio.cat\/ca\/aviso-legal\/","title":{"rendered":"Aviso Legal"},"content":{"rendered":"<h4 class=\"wp-block-heading\"><strong>www.13studio.cat<\/strong><\/h4>\n\n\n\n<h3 class=\"wp-block-heading\"><strong>I. INFORMACI\u00d3 GENERAL<\/strong><\/h3>\n\n\n\n<p>D\u2019acord amb el deure d\u2019informaci\u00f3 previst a la Llei 34\/2002 sobre Serveis de la Societat de la Informaci\u00f3 i Comer\u00e7 Electr\u00f2nic (LSSI-CE) de l\u201911 de juliol, a continuaci\u00f3 es proporcionen les dades generals d\u2019informaci\u00f3 seg\u00fcents d\u2019aquest lloc web:<\/p>\n\n\n\n<p>La propietat d\u2019aquest lloc web, www.13studio.cat, (en endavant, lloc web) \u00e9s de: Yeray P\u00e9rez Soler, amb NIF: 39507014Y, i la informaci\u00f3 de contacte de la qual \u00e9s:<\/p>\n\n\n\n<p>La propietat d\u2019aquest lloc web, www.13studio.cat, (en endavant, lloc web) es mant\u00e9 per:, proporcionat amb NIF: i registrat a: amb les dades de registre seg\u00fcents:, el representant del qual \u00e9s: i el contacte de dades del qual s\u00f3n:<\/p>\n\n\n\n<p>Direcci\u00f3: Cr. Vall 14, S\u00faria 08260<\/p>\n\n\n\n<p>Tel\u00e8fon de contacte: 685608434<\/p>\n\n\n\n<p>Email de contacte:yerayperezsoler13@gmail.com<\/p>\n\n\n\n<h3 class=\"wp-block-heading\"><strong>II. TERMES GENERALS I CONDICIONS D'\u00daS<\/strong><\/h3>\n\n\n\n<h4 class=\"wp-block-heading\"><strong>L\u2019objectiu de les condicions: El lloc web<\/strong><\/h4>\n\n\n\n<p>L'objecte d'aquestes Condicions Generals d'\u00das (d'ara endavant, Condicions) \u00e9s regular l'acc\u00e9s i la utilitzaci\u00f3 del Lloc Web. Als efectes de les presents Condicions s'entendr\u00e0 com a Lloc Web: l'aparen\u00e7a externa de les interf\u00edcies de pantalla, tant de forma est\u00e0tica com de forma din\u00e0mica, \u00e9s a dir, l'arbre de navegaci\u00f3; i tots els elements integrats tant a les interf\u00edcies de pantalla com a l'arbre de navegaci\u00f3 (d'ara endavant, Continguts) i tots aquells serveis o recursos en l\u00ednia que si escau ofereixi als Usuaris (d'ara endavant, Serveis).<\/p>\n\n\n\n<p>13 Studio es reserva la facultat de modificar, en qualsevol moment, i sense av\u00eds previ, la presentaci\u00f3 i configuraci\u00f3 del Lloc Web i dels Continguts i Serveis que hi poguessin estar incorporats. L'Usuari reconeix i accepta que en qualsevol moment 13 Studio pugui interrompre, desactivar i\/o cancel\u00b7lar qualsevol d'aquests elements que s'integren al Lloc Web o accedir-hi.<\/p>\n\n\n\n<p>L'acc\u00e9s al Lloc Web per l'Usuari t\u00e9 car\u00e0cter lliure i, per regla general, \u00e9s gratu\u00eft sense que l'Usuari hagi de proporcionar una contraprestaci\u00f3 per poder gaudir-ne, llevat del cost de connexi\u00f3 a trav\u00e9s de la xarxa de telecomunicacions subministrada pel prove\u00efdor d'acc\u00e9s que hagi contractat l'Usuari.<\/p>\n\n\n\n<p>A part del cost de connexi\u00f3 a trav\u00e9s de la xarxa de telecomunicacions subministrada pel prove\u00efdor d'acc\u00e9s, i que hagi contractat l'Usuari, alguns dels Continguts o Serveis oferts per 13 Studio o, si escau, tercers a trav\u00e9s del Lloc Web poden trobar-se subjectes a la contractaci\u00f3 pr\u00e8via del Contingut o Servei, en aquest cas s'especificar\u00e0 de forma clara i\/o per les quals aix\u00f2 es regeixi.<\/p>\n\n\n\n<p>La utilitzaci\u00f3 d'algun dels continguts o serveis del lloc web es pot fer mitjan\u00e7ant la subscripci\u00f3 o el registre previ de l'usuari.<\/p>\n\n\n\n<p>La utilitzaci\u00f3 dels continguts no requereix pr\u00e8via subscripci\u00f3 o registre.<\/p>\n\n\n\n<h4 class=\"wp-block-heading\"><strong>El Usuario<\/strong><\/h4>\n\n\n\n<p>El acceso, la navegaci\u00f3n y uso del Sitio Web, as\u00ed como por los espacios habilitados para interactuar entre los Usuarios, y el Usuario y 13 Studio, como los comentarios y\/o espacios de blogging, confiere la condici\u00f3n de Usuario, por lo que se aceptan, desde que se inicia la navegaci\u00f3n por el Sitio Web, todas las Condiciones aqu\u00ed establecidas, as\u00ed como sus ulteriores modificaciones, sin perjuicio de la aplicaci\u00f3n de la correspondiente normativa legal de obligado cumplimiento seg\u00fan el caso. Dada la relevancia de lo anterior, se recomienda al Usuario leerlas cada vez que visite el Sitio Web.<\/p>\n\n\n\n<p>El Sitio Web de 13 Studio proporciona gran diversidad de informaci\u00f3n, servicios y datos. El Usuario asume su responsabilidad para realizar un uso correcto del Sitio Web. Esta responsabilidad se extender\u00e1 a:<\/p>\n\n\n\n<ul class=\"wp-block-list\">\n<li>Un uso de la informaci\u00f3n, Contenidos y\/o Servicios y datos ofrecidos por 13 Studio sin que sea contrario a lo dispuesto por las presentes Condiciones, la Ley, la moral o el orden p\u00fablico, o que de cualquier otro modo puedan suponer lesi\u00f3n de los derechos de terceros o del mismo funcionamiento del Sitio Web.<\/li>\n\n\n\n<li>La veracidad y licitud de las informaciones aportadas por el Usuario en los formularios extendidos por 13 Studio para el acceso a ciertos Contenidos o Servicios ofrecidos por el Sitio Web. En todo caso, el Usuario notificar\u00e1 de forma inmediata a 13 Studio acerca de cualquier hecho que permita el uso indebido de la informaci\u00f3n registrada en dichos formularios, tales como, pero no solo, el robo, extrav\u00edo, o el acceso no autorizado a identificadores y\/o contrase\u00f1as, con el fin de proceder a su inmediata cancelaci\u00f3n.<\/li>\n<\/ul>\n\n\n\n<p>13 Studio se reserva el derecho de retirar todos aquellos comentarios y aportaciones que vulneren la ley, el respeto a la dignidad de la persona, que sean discriminatorios, xen\u00f3fobos, racistas, pornogr\u00e1ficos, spamming, que atenten contra la juventud o la infancia, el orden o la seguridad p\u00fablica o que, a su juicio, no resultaran adecuados para su publicaci\u00f3n.<\/p>\n\n\n\n<p>En cualquier caso, 13 Studio no ser\u00e1 responsable de las opiniones vertidas por los Usuarios a trav\u00e9s de comentarios u otras herramientas de blogging o de participaci\u00f3n que pueda haber.<\/p>\n\n\n\n<p>El mero acceso a este Sitio Web no supone entablar ning\u00fan tipo de relaci\u00f3n de car\u00e1cter comercial entre 13 Studio y el Usuario.<\/p>\n\n\n\n<p>El Usuario declara ser mayor de edad y disponer de la capacidad jur\u00eddica suficiente para vincularse por las presentes Condiciones. Por lo tanto, este Sitio Web de 13 Studio no se dirige a menores de edad. 13 Studio declina cualquier responsabilidad por el incumplimiento de este requisito.<\/p>\n\n\n\n<p>Siempre en el respeto de la legislaci\u00f3n vigente, este Sitio Web de 13 Studio se dirige a todas las personas, sin importar su edad, que puedan acceder y\/o navegar por las p\u00e1ginas del Sitio Web.<\/p>\n\n\n\n<p>El Sitio Web est\u00e1 dirigido principalmente a Usuarios residentes en Espa\u00f1a. 13 Studio no asegura que el Sitio Web cumpla con legislaciones de otros pa\u00edses, ya sea total o parcialmente. Si el Usuario reside o tiene su domiciliado en otro lugar y decide acceder y\/o navegar en el Sitio Web lo har\u00e1 bajo su propia responsabilidad, deber\u00e1 asegurarse de que tal acceso y navegaci\u00f3n cumple con la legislaci\u00f3n local que le es aplicable, no asumiendo 13 Studio responsabilidad alguna que se pueda derivar de dicho acceso.<\/p>\n\n\n\n<h3 class=\"wp-block-heading\"><strong>III. ACCESO Y NAVEGACI\u00d3N EN EL SITIO WEB: EXCLUSI\u00d3N DE GARANT\u00cdAS Y RESPONSABILIDAD<\/strong><\/h3>\n\n\n\n<p>13 Studio no garantiza la continuidad, disponibilidad y utilidad del Sitio Web, ni de los Contenidos o Servicios. 13 Studio har\u00e1 todo lo posible por el buen funcionamiento del Sitio Web, sin embargo, no se responsabiliza ni garantiza que el acceso a este Sitio Web no vaya a ser ininterrumpido o que est\u00e9 libre de error.<\/p>\n\n\n\n<p>Tampoco se responsabiliza o garantiza que el contenido o software al que pueda accederse a trav\u00e9s de este Sitio Web, est\u00e9 libre de error o cause un da\u00f1o al sistema inform\u00e1tico (software y hardware) del Usuario. En ning\u00fan caso 13 Studio ser\u00e1 responsable por las p\u00e9rdidas, da\u00f1os o perjuicios de cualquier tipo que surjan por el acceso, navegaci\u00f3n y el uso del Sitio Web, incluy\u00e9ndose, pero no limit\u00e1ndose, a los ocasionados a los sistemas inform\u00e1ticos o los provocados por la introducci\u00f3n de virus.<\/p>\n\n\n\n<p>13 Studio tampoco se hace responsable de los da\u00f1os que pudiesen ocasionarse a los usuarios por un uso inadecuado de este Sitio Web. En particular, no se hace responsable en modo alguno de las ca\u00eddas, interrupciones, falta o defecto de las telecomunicaciones que pudieran ocurrir.<\/p>\n\n\n\n<h3 class=\"wp-block-heading\"><strong>IV. POL\u00cdTICA DE ENLACES<\/strong><\/h3>\n\n\n\n<p>Se informa que el Sitio Web de 13 Studio pone o puede poner a disposici\u00f3n de los Usuarios medios de enlace (como, entre otros, links, banners, botones), directorios y motores de b\u00fasqueda que permiten a los Usuarios acceder a sitios web pertenecientes y\/o gestionados por terceros.<\/p>\n\n\n\n<p>La instalaci\u00f3n de estos enlaces, directorios y motores de b\u00fasqueda en el Sitio Web tiene por objeto facilitar a los Usuarios la b\u00fasqueda de y acceso a la informaci\u00f3n disponible en Internet, sin que pueda considerarse una sugerencia, recomendaci\u00f3n o invitaci\u00f3n para la visita de los mismos.<\/p>\n\n\n\n<p>13 Studio no ofrece ni comercializa por s\u00ed ni por medio de terceros los productos y\/o servicios disponibles en dichos sitios enlazados.<\/p>\n\n\n\n<p>13 Studio ofrece contenidos patrocinados, anuncios y\/o enlaces de afiliados. La informaci\u00f3n que aparece en estos enlaces de afiliados o los anuncios insertados, son facilitados por los propios anunciantes, por lo que 13 Studio no se hace responsable de posibles inexactitudes o errores que pudieran contener los anuncios, ni garantiza en modo alguno la experiencia, integridad o responsabilidad de los anunciantes o la calidad de sus productos y\/o servicios.<\/p>\n\n\n\n<p>Asimismo, tampoco garantizar\u00e1 la disponibilidad t\u00e9cnica, exactitud, veracidad, validez o legalidad de sitios ajenos a su propiedad a los que se pueda acceder por medio de los enlaces.<\/p>\n\n\n\n<p>13 Studio en ning\u00fan caso revisar\u00e1 o controlar\u00e1 el contenido de otros sitios web, as\u00ed como tampoco aprueba, examina ni hace propios los productos y servicios, contenidos, archivos y cualquier otro material existente en los referidos sitios enlazados.<\/p>\n\n\n\n<p>13 Studio no asume ninguna responsabilidad por los da\u00f1os y perjuicios que pudieran producirse por el acceso, uso, calidad o licitud de los contenidos, comunicaciones, opiniones, productos y servicios de los sitios web no gestionados por 13 Studio y que sean enlazados en este Sitio Web.<\/p>\n\n\n\n<p>El Usuario o tercero que realice un hiperv\u00ednculo desde una p\u00e1gina web de otro, distinto, sitio web al Sitio Web de 13 Studio deber\u00e1 saber que:<\/p>\n\n\n\n<p>No se permite la reproducci\u00f3n \u2014total o parcialmente\u2014 de ninguno de los Contenidos y\/o Servicios del Sitio Web sin autorizaci\u00f3n expresa de 13 Studio.<\/p>\n\n\n\n<p>No se permite tampoco ninguna manifestaci\u00f3n falsa, inexacta o incorrecta sobre el Sitio Web de 13 Studio, ni sobre los Contenidos y\/o Servicios del mismo.<\/p>\n\n\n\n<p>A excepci\u00f3n del hiperv\u00ednculo, el sitio web en el que se establezca dicho hiperenlace no contendr\u00e1 ning\u00fan elemento, de este Sitio Web, protegido como propiedad intelectual por el ordenamiento jur\u00eddico espa\u00f1ol, salvo autorizaci\u00f3n expresa de 13 Studio.<\/p>\n\n\n\n<p>El establecimiento del hiperv\u00ednculo no implicar\u00e1 la existencia de relaciones entre 13 Studio y el titular del sitio web desde el cual se realice, ni el conocimiento y aceptaci\u00f3n de 13 Studio de los contenidos, servicios y\/o actividades ofrecidas en dicho sitio web, y viceversa.<\/p>\n\n\n\n<h3 class=\"wp-block-heading\"><strong>V. PROPIEDAD INTELECTUAL E INDUSTRIAL<\/strong><\/h3>\n\n\n\n<p>13 Studio por s\u00ed o como parte cesionaria, es titular de todos los derechos de propiedad intelectual e industrial del Sitio Web, as\u00ed como de los elementos contenidos en el mismo (a t\u00edtulo enunciativo y no exhaustivo, im\u00e1genes, sonido, audio, v\u00eddeo, software o textos, marcas o logotipos, combinaciones de colores, estructura y dise\u00f1o, selecci\u00f3n de materiales usados, programas de ordenador necesarios para su funcionamiento, acceso y uso, etc.). Ser\u00e1n, por consiguiente, obras protegidas como propiedad intelectual por el ordenamiento jur\u00eddico espa\u00f1ol, si\u00e9ndoles aplicables tanto la normativa espa\u00f1ola y comunitaria en este campo, como los tratados internacionales relativos a la materia y suscritos por Espa\u00f1a.<\/p>\n\n\n\n<p>Todos los derechos reservados. En virtud de lo dispuesto en la Ley de Propiedad Intelectual, quedan expresamente prohibidas la reproducci\u00f3n, la distribuci\u00f3n y la comunicaci\u00f3n p\u00fablica, incluida su modalidad de puesta a disposici\u00f3n, de la totalidad o parte de los contenidos de esta p\u00e1gina web, con fines comerciales, en cualquier soporte y por cualquier medio t\u00e9cnico, sin la autorizaci\u00f3n de 13 Studio.<\/p>\n\n\n\n<p>El Usuario se compromete a respetar los derechos de propiedad intelectual e industrial de 13 Studio. Podr\u00e1 visualizar los elementos del Sitio Web o incluso imprimirlos, copiarlos y almacenarlos en el disco duro de su ordenador o en cualquier otro soporte f\u00edsico siempre y cuando sea, exclusivamente, para su uso personal. El Usuario, sin embargo, no podr\u00e1 suprimir, alterar, o manipular cualquier dispositivo de protecci\u00f3n o sistema de seguridad que estuviera instalado en el Sitio Web.<\/p>\n\n\n\n<p>En caso de que el Usuario o tercero considere que cualquiera de los Contenidos del Sitio Web suponga una violaci\u00f3n de los derechos de protecci\u00f3n de la propiedad intelectual, deber\u00e1 comunicarlo inmediatamente a 13 Studio a trav\u00e9s de los datos de contacto del apartado de INFORMACI\u00d3N GENERAL de este Aviso Legal y Condiciones Generales de Uso.<\/p>\n\n\n\n<h3 class=\"wp-block-heading\"><strong>VI. ACCIONES LEGALES, LEGISLACI\u00d3N APLICABLE Y JURISDICCI\u00d3N<\/strong><\/h3>\n\n\n\n<p>13 Studio se reserva la facultad de presentar las acciones civiles o penales que considere necesarias por la utilizaci\u00f3n indebida del Sitio Web y Contenidos, o por el incumplimiento de las presentes Condiciones.<\/p>\n\n\n\n<p>La relaci\u00f3n entre el Usuario y 13 Studio se regir\u00e1 por la normativa vigente y de aplicaci\u00f3n en el territorio espa\u00f1ol. De surgir cualquier controversia en relaci\u00f3n con la interpretaci\u00f3n y\/o a la aplicaci\u00f3n de estas Condiciones las partes someter\u00e1n sus conflictos a la jurisdicci\u00f3n ordinaria someti\u00e9ndose a los jueces y tribunales que correspondan conforme a derecho.<\/p>\n\n\n\n<p>Este documento de Aviso Legal y Condiciones Generales de uso del sitio web ha sido creado mediante el generador de<a href=\"https:\/\/textos-legales.edgartamarit.com\/\" target=\"_blank\" rel=\"noopener\"> plantilla de aviso legal y condiciones de uso<\/a> online el d\u00eda 18\/08\/2025.<\/p>\n\n\n\n<p>Aviso legal en Catal\u00e1n: https:\/\/13studio.cat\/avis-legal\/<\/p>","protected":false},"excerpt":{"rendered":"<p>www.13studio.cat I. INFORMACI\u00d3N GENERAL En cumplimiento con el deber de informaci\u00f3n dispuesto en la Ley 34\/2002 de Servicios de la Sociedad de la Informaci\u00f3n y el Comercio Electr\u00f3nico (LSSI-CE) de 11 de julio, se facilitan a continuaci\u00f3n los siguientes datos de informaci\u00f3n general de este sitio web: La titularidad de este sitio web, www.13studio.cat, (en [&hellip;]<\/p>","protected":false},"author":1,"featured_media":0,"parent":0,"menu_order":0,"comment_status":"closed","ping_status":"closed","template":"","meta":{"_uag_custom_page_level_css":"","footnotes":""},"class_list":["post-923","page","type-page","status-publish","hentry"],"blocksy_meta":[],"uagb_featured_image_src":{"full":false,"thumbnail":false,"medium":false,"medium_large":false,"large":false,"1536x1536":false,"2048x2048":false,"trp-custom-language-flag":false},"uagb_author_info":{"display_name":"web.13studio.estudi.impact@gmail.com","author_link":"https:\/\/13studio.cat\/ca\/author\/web-13studio-estudi-impactgmail-com\/"},"uagb_comment_info":0,"uagb_excerpt":"www.13studio.cat I. INFORMACI\u00d3N GENERAL En cumplimiento con el deber de informaci\u00f3n dispuesto en la Ley 34\/2002 de Servicios de la Sociedad de la Informaci\u00f3n y el Comercio Electr\u00f3nico (LSSI-CE) de 11 de julio, se facilitan a continuaci\u00f3n los siguientes datos de informaci\u00f3n general de este sitio web: La titularidad de este sitio web, www.13studio.cat, (en&hellip;","_links":{"self":[{"href":"https:\/\/13studio.cat\/ca\/wp-json\/wp\/v2\/pages\/923","targetHints":{"allow":["GET"]}}],"collection":[{"href":"https:\/\/13studio.cat\/ca\/wp-json\/wp\/v2\/pages"}],"about":[{"href":"https:\/\/13studio.cat\/ca\/wp-json\/wp\/v2\/types\/page"}],"author":[{"embeddable":true,"href":"https:\/\/13studio.cat\/ca\/wp-json\/wp\/v2\/users\/1"}],"replies":[{"embeddable":true,"href":"https:\/\/13studio.cat\/ca\/wp-json\/wp\/v2\/comments?post=923"}],"version-history":[{"count":5,"href":"https:\/\/13studio.cat\/ca\/wp-json\/wp\/v2\/pages\/923\/revisions"}],"predecessor-version":[{"id":974,"href":"https:\/\/13studio.cat\/ca\/wp-json\/wp\/v2\/pages\/923\/revisions\/974"}],"wp:attachment":[{"href":"https:\/\/13studio.cat\/ca\/wp-json\/wp\/v2\/media?parent=923"}],"curies":[{"name":"wp","href":"https:\/\/api.w.org\/{rel}","templated":true}]}}